{"id":2066,"date":"2026-02-28T18:32:36","date_gmt":"2026-02-28T17:32:36","guid":{"rendered":"https:\/\/mauri-monasterium.com\/?post_type=product&#038;p=2066"},"modified":"2026-03-19T17:50:12","modified_gmt":"2026-03-19T16:50:12","slug":"bouxwiller-patrimoine-en-couleurs-15-08-2026","status":"publish","type":"product","link":"https:\/\/mauri-monasterium.com\/index.php\/produit\/bouxwiller-patrimoine-en-couleurs-15-08-2026\/","title":{"rendered":"BOUXWILLER | Patrimoine en Couleurs &#8211; 15\/08\/2026"},"content":{"rendered":"<p>[et_pb_section fb_built=\u00a0\u00bb1&Prime; _builder_version=\u00a0\u00bb4.16&Prime; background_color=\u00a0\u00bbrgba(255, 255, 255, 0)\u00a0\u00bb custom_padding=\u00a0\u00bb0px||||false|false\u00a0\u00bb global_colors_info=\u00a0\u00bb{}\u00a0\u00bb][et_pb_row _builder_version=\u00a0\u00bb4.16&Prime; background_size=\u00a0\u00bbinitial\u00a0\u00bb background_position=\u00a0\u00bbtop_left\u00a0\u00bb background_repeat=\u00a0\u00bbrepeat\u00a0\u00bb width=\u00a0\u00bb100%\u00a0\u00bb custom_padding=\u00a0\u00bb0px||0px||false|false\u00a0\u00bb global_colors_info=\u00a0\u00bb{}\u00a0\u00bb][et_pb_column type=\u00a0\u00bb4_4&Prime; _builder_version=\u00a0\u00bb4.16&Prime; custom_padding=\u00a0\u00bb|||\u00a0\u00bb global_colors_info=\u00a0\u00bb{}\u00a0\u00bb custom_padding__hover=\u00a0\u00bb|||\u00a0\u00bb][et_pb_wc_breadcrumb _builder_version=\u00a0\u00bb4.16&Prime; global_colors_info=\u00a0\u00bb{}\u00a0\u00bb][\/et_pb_wc_breadcrumb][et_pb_wc_cart_notice _builder_version=\u00a0\u00bb4.16&Prime; global_colors_info=\u00a0\u00bb{}\u00a0\u00bb][\/et_pb_wc_cart_notice][\/et_pb_column][\/et_pb_row][et_pb_row column_structure=\u00a0\u00bb1_2,1_2&Prime; _builder_version=\u00a0\u00bb4.16&Prime; background_size=\u00a0\u00bbinitial\u00a0\u00bb background_position=\u00a0\u00bbtop_left\u00a0\u00bb background_repeat=\u00a0\u00bbrepeat\u00a0\u00bb width=\u00a0\u00bb100%\u00a0\u00bb custom_padding=\u00a0\u00bb0px||||false|false\u00a0\u00bb global_colors_info=\u00a0\u00bb{}\u00a0\u00bb][et_pb_column type=\u00a0\u00bb1_2&Prime; _builder_version=\u00a0\u00bb4.16&Prime; custom_padding=\u00a0\u00bb|||\u00a0\u00bb global_colors_info=\u00a0\u00bb{}\u00a0\u00bb custom_padding__hover=\u00a0\u00bb|||\u00a0\u00bb][et_pb_wc_images _builder_version=\u00a0\u00bb4.16&Prime; global_colors_info=\u00a0\u00bb{}\u00a0\u00bb][\/et_pb_wc_images][\/et_pb_column][et_pb_column type=\u00a0\u00bb1_2&Prime; _builder_version=\u00a0\u00bb4.16&Prime; custom_padding=\u00a0\u00bb|||\u00a0\u00bb global_colors_info=\u00a0\u00bb{}\u00a0\u00bb custom_padding__hover=\u00a0\u00bb|||\u00a0\u00bb][et_pb_wc_title _builder_version=\u00a0\u00bb4.16&Prime; global_colors_info=\u00a0\u00bb{}\u00a0\u00bb][\/et_pb_wc_title][et_pb_wc_rating _builder_version=\u00a0\u00bb4.16&Prime; global_colors_info=\u00a0\u00bb{}\u00a0\u00bb][\/et_pb_wc_rating][et_pb_wc_price _builder_version=\u00a0\u00bb4.16&Prime; global_colors_info=\u00a0\u00bb{}\u00a0\u00bb][\/et_pb_wc_price][et_pb_wc_description _builder_version=\u00a0\u00bb4.16&Prime; global_colors_info=\u00a0\u00bb{}\u00a0\u00bb][\/et_pb_wc_description][et_pb_wc_add_to_cart _builder_version=\u00a0\u00bb4.16&Prime; global_colors_info=\u00a0\u00bb{}\u00a0\u00bb][\/et_pb_wc_add_to_cart][et_pb_divider _builder_version=\u00a0\u00bb4.27.0&Prime; _module_preset=\u00a0\u00bbdefault\u00a0\u00bb global_colors_info=\u00a0\u00bb{}\u00a0\u00bb][\/et_pb_divider][et_pb_wc_meta _builder_version=\u00a0\u00bb4.16&Prime; global_colors_info=\u00a0\u00bb{}\u00a0\u00bb][\/et_pb_wc_meta][\/et_pb_column][\/et_pb_row][et_pb_row _builder_version=\u00a0\u00bb4.27.0&Prime; _module_preset=\u00a0\u00bbdefault\u00a0\u00bb global_colors_info=\u00a0\u00bb{}\u00a0\u00bb][et_pb_column type=\u00a0\u00bb4_4&Prime; _builder_version=\u00a0\u00bb4.27.0&Prime; _module_preset=\u00a0\u00bbdefault\u00a0\u00bb global_colors_info=\u00a0\u00bb{}\u00a0\u00bb][et_pb_divider _builder_version=\u00a0\u00bb4.27.0&Prime; _module_preset=\u00a0\u00bbdefault\u00a0\u00bb global_colors_info=\u00a0\u00bb{}\u00a0\u00bb][\/et_pb_divider][\/et_pb_column][\/et_pb_row][et_pb_row _builder_version=\u00a0\u00bb4.16&Prime; background_size=\u00a0\u00bbinitial\u00a0\u00bb background_position=\u00a0\u00bbtop_left\u00a0\u00bb background_repeat=\u00a0\u00bbrepeat\u00a0\u00bb width=\u00a0\u00bb100%\u00a0\u00bb global_colors_info=\u00a0\u00bb{}\u00a0\u00bb][et_pb_column type=\u00a0\u00bb4_4&Prime; _builder_version=\u00a0\u00bb4.16&Prime; custom_padding=\u00a0\u00bb|||\u00a0\u00bb global_colors_info=\u00a0\u00bb{}\u00a0\u00bb custom_padding__hover=\u00a0\u00bb|||\u00a0\u00bb][et_pb_wc_tabs _builder_version=\u00a0\u00bb4.16&Prime; global_colors_info=\u00a0\u00bb{}\u00a0\u00bb] [\/et_pb_wc_tabs][\/et_pb_column][\/et_pb_row][et_pb_row _builder_version=\u00a0\u00bb4.27.0&Prime; _module_preset=\u00a0\u00bbdefault\u00a0\u00bb global_colors_info=\u00a0\u00bb{}\u00a0\u00bb][et_pb_column type=\u00a0\u00bb4_4&Prime; _builder_version=\u00a0\u00bb4.27.0&Prime; _module_preset=\u00a0\u00bbdefault\u00a0\u00bb global_colors_info=\u00a0\u00bb{}\u00a0\u00bb][et_pb_divider _builder_version=\u00a0\u00bb4.27.0&Prime; _module_preset=\u00a0\u00bbdefault\u00a0\u00bb global_colors_info=\u00a0\u00bb{}\u00a0\u00bb][\/et_pb_divider][\/et_pb_column][\/et_pb_row][et_pb_row _builder_version=\u00a0\u00bb4.16&Prime; background_size=\u00a0\u00bbinitial\u00a0\u00bb background_position=\u00a0\u00bbtop_left\u00a0\u00bb background_repeat=\u00a0\u00bbrepeat\u00a0\u00bb width=\u00a0\u00bb100%\u00a0\u00bb global_colors_info=\u00a0\u00bb{}\u00a0\u00bb][et_pb_column type=\u00a0\u00bb4_4&Prime; _builder_version=\u00a0\u00bb4.16&Prime; custom_padding=\u00a0\u00bb|||\u00a0\u00bb global_colors_info=\u00a0\u00bb{}\u00a0\u00bb custom_padding__hover=\u00a0\u00bb|||\u00a0\u00bb][et_pb_wc_upsells columns_number=\u00a0\u00bb3&Prime; _builder_version=\u00a0\u00bb4.16&Prime; global_colors_info=\u00a0\u00bb{}\u00a0\u00bb][\/et_pb_wc_upsells][\/et_pb_column][\/et_pb_row][et_pb_row _builder_version=\u00a0\u00bb4.27.0&Prime; _module_preset=\u00a0\u00bbdefault\u00a0\u00bb global_colors_info=\u00a0\u00bb{}\u00a0\u00bb][et_pb_column type=\u00a0\u00bb4_4&Prime; _builder_version=\u00a0\u00bb4.27.0&Prime; _module_preset=\u00a0\u00bbdefault\u00a0\u00bb global_colors_info=\u00a0\u00bb{}\u00a0\u00bb][et_pb_divider _builder_version=\u00a0\u00bb4.27.0&Prime; _module_preset=\u00a0\u00bbdefault\u00a0\u00bb global_colors_info=\u00a0\u00bb{}\u00a0\u00bb][\/et_pb_divider][\/et_pb_column][\/et_pb_row][et_pb_row _builder_version=\u00a0\u00bb4.16&Prime; background_size=\u00a0\u00bbinitial\u00a0\u00bb background_position=\u00a0\u00bbtop_left\u00a0\u00bb background_repeat=\u00a0\u00bbrepeat\u00a0\u00bb width=\u00a0\u00bb100%\u00a0\u00bb global_colors_info=\u00a0\u00bb{}\u00a0\u00bb][et_pb_column type=\u00a0\u00bb4_4&Prime; _builder_version=\u00a0\u00bb4.16&Prime; custom_padding=\u00a0\u00bb|||\u00a0\u00bb global_colors_info=\u00a0\u00bb{}\u00a0\u00bb custom_padding__hover=\u00a0\u00bb|||\u00a0\u00bb][et_pb_wc_related_products columns_number=\u00a0\u00bb3&Prime; _builder_version=\u00a0\u00bb4.16&Prime; global_colors_info=\u00a0\u00bb{}\u00a0\u00bb][\/et_pb_wc_related_products][\/et_pb_column][\/et_pb_row][\/et_pb_section]<\/p>\n","protected":false},"excerpt":{"rendered":"<p>Atelier cr\u00e9atif en ext\u00e9rieur<br \/>\nLe 15\/08\/2026 de 9h15 \u00e0 12h00<\/p>\n","protected":false},"featured_media":2056,"template":"","meta":{"_et_pb_use_builder":"on","_et_pb_old_content":"<div>\ud83c\udfa8\u2728 <strong>Atelier Patrimoine en Couleurs : Dessiner et Peindre sa Carte Postale<\/strong> \u2728\ud83c\udfdb\ufe0f<\/div>\r\n<div>\r\n\r\nPlongez dans le patrimoine de Bouxwiller \u00e0 travers l\u2019art de l\u2019aquarelle !\r\nRejoignez nous le samedi 15 a\u00f4ut 2026 de 9h15 \u00e0 12h00 \u00e0 Bouxwiller (67330) pour un atelier cr\u00e9atif o\u00f9 vous dessinerez et peindrez en ext\u00e9rieur* une carte postale unique inspir\u00e9e du patrimoine local.\r\n\r\n\ud83c\udfde\ufe0f<strong> Une immersion dans le patrimoine alsacien<\/strong>\r\nDans la jolie commune de Bouxwiller, vous observerez le patrimoine local: maisons, monuments, paysage \u2013 guid\u00e9s par Pauline, ancienne architecte et aquarelliste passionn\u00e9e de <em>Tim et Time Alsace<\/em>. Avec ses astuces simples, accessibles m\u00eame aux grands d\u00e9butants, vous apprendrez \u00e0 capturer la beaut\u00e9 de votre village \u00e0 l\u2019aquarelle.\r\n\r\n\ud83d\udd8c\ufe0f <strong>Un moment cr\u00e9atif pour tous<\/strong>\r\nDans une ambiance conviviale et en petit groupe, laissez-vous porter par la cr\u00e9ativit\u00e9. Tout le mat\u00e9riel est fourni, il ne vous reste qu\u2019\u00e0 apporter votre curiosit\u00e9 ! Vous repartirez avec votre carte postale personnalis\u00e9e, un souvenir unique du patrimoine de Bouxwiller.\r\n\r\n\ud83c\udf1f <strong>Pourquoi participer ?<\/strong>\r\nUn atelier convivial en petit groupe pour un accompagnement personnalis\u00e9.\r\nUne exp\u00e9rience accessible \u00e0 tous, sans aucune exp\u00e9rience pr\u00e9alable en dessin ou en peinture.\r\nUn matin ressour\u00e7ant pour red\u00e9couvrir son patrimoine alsacien \u00e0 travers l\u2019art.\r\n\r\n\ud83d\udcb0 <strong>Tarifs et inscriptions<\/strong>\r\nParticipation : 20\u20ac par personne (mat\u00e9riel enti\u00e8rement fourni). R\u00e9servez vite votre place pour vivre cette exp\u00e9rience cr\u00e9ative unique!\r\n\ud83d\udccd Lieu : Rendez-vous \u00e0 Bouxwiller (adresse exacte communiqu\u00e9e par email quelques jours avant l\u2019\u00e9v\u00e9nement).\r\n\ud83d\udd64 Horaires : 9h15-12h00\r\n\ud83c\udf9f\ufe0f Places limit\u00e9es : Seulement 8 participants !\r\n\r\nNe manquez pas cette occasion de c\u00e9l\u00e9brer le patrimoine de Bouxwiller tout en lib\u00e9rant votre cr\u00e9ativit\u00e9 dans une ambiance chaleureuse et inspirante. \ud83c\udf3c\r\n\r\n<span class=\"gmail-css-1jxf684 gmail-r-bcqeeo gmail-r-1ttztb7 gmail-r-qvutc0 gmail-r-poiln3 gmail-r-1adg3ll gmail-r-1g7jtus gmail-r-1x3r274\"><span class=\"gmail-css-1jxf684 gmail-r-bcqeeo gmail-r-1ttztb7 gmail-r-qvutc0 gmail-r-poiln3\"><span class=\"gmail-css-1jxf684 gmail-r-bcqeeo gmail-r-1ttztb7 gmail-r-qvutc0 gmail-r-poiln3 gmail-r-1x3r274\">#Aquarelle #Patrimoine #Cr\u00e9ativit\u00e9 #Alsace #Ateliercr\u00e9atif\u00a0<\/span><\/span><\/span>\r\n\r\n<\/div>\r\n<div><em>*Atelier soumis aux contraintes m\u00e9t\u00e9os. Il pourra \u00eatre annul\u00e9 et\/ou report\u00e9 \u00e0 une date ult\u00e9rieure, avec possibilit\u00e9 pour vous d'\u00eatre rembours\u00e9 ou inscrit sur la date suivante.<\/em><\/div>\r\n<div><\/div>","_et_gb_content_width":""},"product_brand":[],"product_cat":[63,62],"product_tag":[79],"class_list":{"0":"post-2066","1":"product","2":"type-product","3":"status-publish","4":"has-post-thumbnail","6":"product_cat-ateliers","7":"product_cat-experiences-ateliers-rencontres","8":"product_tag-ateliers","10":"first","11":"instock","12":"virtual","13":"purchasable","14":"product-type-simple"},"yoast_head":"<!-- This site is optimized with the Yoast SEO plugin v27.4 - https:\/\/yoast.com\/product\/yoast-seo-wordpress\/ -->\n<title>BOUXWILLER - Patrimoine en couleurs - 15\/08\/26<\/title>\n<meta name=\"description\" content=\"Atelier cr\u00e9atif en coeur de village \u00e0 Bouxwiller en Alsace, organis\u00e9 durant l&#039;\u00e9t\u00e9 2026. Inscriptions ouvertes dans la limite des places disponibles!\" \/>\n<meta name=\"robots\" content=\"index, follow, max-snippet:-1, max-image-preview:large, max-video-preview:-1\" \/>\n<link rel=\"canonical\" href=\"https:\/\/mauri-monasterium.com\/index.php\/produit\/bouxwiller-patrimoine-en-couleurs-15-08-2026\/\" \/>\n<meta property=\"og:locale\" content=\"fr_FR\" \/>\n<meta property=\"og:type\" content=\"article\" \/>\n<meta property=\"og:title\" content=\"BOUXWILLER - Patrimoine en couleurs - 15\/08\/26\" \/>\n<meta property=\"og:description\" content=\"Atelier cr\u00e9atif en coeur de village \u00e0 Bouxwiller en Alsace, organis\u00e9 durant l&#039;\u00e9t\u00e9 2026. Inscriptions ouvertes dans la limite des places disponibles!\" \/>\n<meta property=\"og:url\" content=\"https:\/\/mauri-monasterium.com\/index.php\/produit\/bouxwiller-patrimoine-en-couleurs-15-08-2026\/\" \/>\n<meta property=\"og:site_name\" content=\"Mauri Monasterium\" \/>\n<meta property=\"article:publisher\" content=\"https:\/\/www.facebook.com\/people\/Mauri-Monasterium-par-Tim-et-Time\/61563848182254\/\" \/>\n<meta property=\"article:modified_time\" content=\"2026-03-19T16:50:12+00:00\" \/>\n<meta property=\"og:image\" content=\"https:\/\/mauri-monasterium.com\/wp-content\/uploads\/2026\/02\/vos.jpg\" \/>\n\t<meta property=\"og:image:width\" content=\"1440\" \/>\n\t<meta property=\"og:image:height\" content=\"810\" \/>\n\t<meta property=\"og:image:type\" content=\"image\/jpeg\" \/>\n<meta name=\"twitter:card\" content=\"summary_large_image\" \/>\n<meta name=\"twitter:label1\" content=\"Dur\u00e9e de lecture estim\u00e9e\" \/>\n\t<meta name=\"twitter:data1\" content=\"1 minute\" \/>\n<script type=\"application\/ld+json\" class=\"yoast-schema-graph\">{\"@context\":\"https:\\\/\\\/schema.org\",\"@graph\":[{\"@type\":\"WebPage\",\"@id\":\"https:\\\/\\\/mauri-monasterium.com\\\/index.php\\\/produit\\\/bouxwiller-patrimoine-en-couleurs-15-08-2026\\\/\",\"url\":\"https:\\\/\\\/mauri-monasterium.com\\\/index.php\\\/produit\\\/bouxwiller-patrimoine-en-couleurs-15-08-2026\\\/\",\"name\":\"BOUXWILLER - Patrimoine en couleurs - 15\\\/08\\\/26\",\"isPartOf\":{\"@id\":\"https:\\\/\\\/mauri-monasterium.com\\\/#website\"},\"primaryImageOfPage\":{\"@id\":\"https:\\\/\\\/mauri-monasterium.com\\\/index.php\\\/produit\\\/bouxwiller-patrimoine-en-couleurs-15-08-2026\\\/#primaryimage\"},\"image\":{\"@id\":\"https:\\\/\\\/mauri-monasterium.com\\\/index.php\\\/produit\\\/bouxwiller-patrimoine-en-couleurs-15-08-2026\\\/#primaryimage\"},\"thumbnailUrl\":\"https:\\\/\\\/i0.wp.com\\\/mauri-monasterium.com\\\/wp-content\\\/uploads\\\/2026\\\/02\\\/vos.jpg?fit=1440%2C810&ssl=1\",\"datePublished\":\"2026-02-28T17:32:36+00:00\",\"dateModified\":\"2026-03-19T16:50:12+00:00\",\"description\":\"Atelier cr\u00e9atif en coeur de village \u00e0 Bouxwiller en Alsace, organis\u00e9 durant l'\u00e9t\u00e9 2026. Inscriptions ouvertes dans la limite des places disponibles!\",\"breadcrumb\":{\"@id\":\"https:\\\/\\\/mauri-monasterium.com\\\/index.php\\\/produit\\\/bouxwiller-patrimoine-en-couleurs-15-08-2026\\\/#breadcrumb\"},\"inLanguage\":\"fr-FR\",\"potentialAction\":[{\"@type\":\"ReadAction\",\"target\":[\"https:\\\/\\\/mauri-monasterium.com\\\/index.php\\\/produit\\\/bouxwiller-patrimoine-en-couleurs-15-08-2026\\\/\"]}]},{\"@type\":\"ImageObject\",\"inLanguage\":\"fr-FR\",\"@id\":\"https:\\\/\\\/mauri-monasterium.com\\\/index.php\\\/produit\\\/bouxwiller-patrimoine-en-couleurs-15-08-2026\\\/#primaryimage\",\"url\":\"https:\\\/\\\/i0.wp.com\\\/mauri-monasterium.com\\\/wp-content\\\/uploads\\\/2026\\\/02\\\/vos.jpg?fit=1440%2C810&ssl=1\",\"contentUrl\":\"https:\\\/\\\/i0.wp.com\\\/mauri-monasterium.com\\\/wp-content\\\/uploads\\\/2026\\\/02\\\/vos.jpg?fit=1440%2C810&ssl=1\",\"width\":1440,\"height\":810,\"caption\":\"vosges du nord patrimoine en couleurs\"},{\"@type\":\"BreadcrumbList\",\"@id\":\"https:\\\/\\\/mauri-monasterium.com\\\/index.php\\\/produit\\\/bouxwiller-patrimoine-en-couleurs-15-08-2026\\\/#breadcrumb\",\"itemListElement\":[{\"@type\":\"ListItem\",\"position\":1,\"name\":\"Accueil\",\"item\":\"https:\\\/\\\/mauri-monasterium.com\\\/\"},{\"@type\":\"ListItem\",\"position\":2,\"name\":\"BIENVENUE DANS LA BOUTIQUE\",\"item\":\"https:\\\/\\\/mauri-monasterium.com\\\/index.php\\\/boutique\\\/\"},{\"@type\":\"ListItem\",\"position\":3,\"name\":\"BOUXWILLER | Patrimoine en Couleurs &#8211; 15\\\/08\\\/2026\"}]},{\"@type\":\"WebSite\",\"@id\":\"https:\\\/\\\/mauri-monasterium.com\\\/#website\",\"url\":\"https:\\\/\\\/mauri-monasterium.com\\\/\",\"name\":\"Mauri Monasterium Alsace, avec Tim et Time\",\"description\":\"L&#039;Alsace en d\u00e9couverte, passionn\u00e9ment.\",\"publisher\":{\"@id\":\"https:\\\/\\\/mauri-monasterium.com\\\/#organization\"},\"potentialAction\":[{\"@type\":\"SearchAction\",\"target\":{\"@type\":\"EntryPoint\",\"urlTemplate\":\"https:\\\/\\\/mauri-monasterium.com\\\/?s={search_term_string}\"},\"query-input\":{\"@type\":\"PropertyValueSpecification\",\"valueRequired\":true,\"valueName\":\"search_term_string\"}}],\"inLanguage\":\"fr-FR\"},{\"@type\":\"Organization\",\"@id\":\"https:\\\/\\\/mauri-monasterium.com\\\/#organization\",\"name\":\"Mauri Monasterium Alsace, avec Tim et Time\",\"url\":\"https:\\\/\\\/mauri-monasterium.com\\\/\",\"logo\":{\"@type\":\"ImageObject\",\"inLanguage\":\"fr-FR\",\"@id\":\"https:\\\/\\\/mauri-monasterium.com\\\/#\\\/schema\\\/logo\\\/image\\\/\",\"url\":\"https:\\\/\\\/i0.wp.com\\\/mauri-monasterium.com\\\/wp-content\\\/uploads\\\/2024\\\/07\\\/logo-Mauri-Monasterium-1.jpg?fit=250%2C150&ssl=1\",\"contentUrl\":\"https:\\\/\\\/i0.wp.com\\\/mauri-monasterium.com\\\/wp-content\\\/uploads\\\/2024\\\/07\\\/logo-Mauri-Monasterium-1.jpg?fit=250%2C150&ssl=1\",\"width\":250,\"height\":150,\"caption\":\"Mauri Monasterium Alsace, avec Tim et Time\"},\"image\":{\"@id\":\"https:\\\/\\\/mauri-monasterium.com\\\/#\\\/schema\\\/logo\\\/image\\\/\"},\"sameAs\":[\"https:\\\/\\\/www.facebook.com\\\/people\\\/Mauri-Monasterium-par-Tim-et-Time\\\/61563848182254\\\/\"]}]}<\/script>\n<!-- \/ Yoast SEO plugin. -->","yoast_head_json":{"title":"BOUXWILLER - Patrimoine en couleurs - 15\/08\/26","description":"Atelier cr\u00e9atif en coeur de village \u00e0 Bouxwiller en Alsace, organis\u00e9 durant l'\u00e9t\u00e9 2026. Inscriptions ouvertes dans la limite des places disponibles!","robots":{"index":"index","follow":"follow","max-snippet":"max-snippet:-1","max-image-preview":"max-image-preview:large","max-video-preview":"max-video-preview:-1"},"canonical":"https:\/\/mauri-monasterium.com\/index.php\/produit\/bouxwiller-patrimoine-en-couleurs-15-08-2026\/","og_locale":"fr_FR","og_type":"article","og_title":"BOUXWILLER - Patrimoine en couleurs - 15\/08\/26","og_description":"Atelier cr\u00e9atif en coeur de village \u00e0 Bouxwiller en Alsace, organis\u00e9 durant l'\u00e9t\u00e9 2026. Inscriptions ouvertes dans la limite des places disponibles!","og_url":"https:\/\/mauri-monasterium.com\/index.php\/produit\/bouxwiller-patrimoine-en-couleurs-15-08-2026\/","og_site_name":"Mauri Monasterium","article_publisher":"https:\/\/www.facebook.com\/people\/Mauri-Monasterium-par-Tim-et-Time\/61563848182254\/","article_modified_time":"2026-03-19T16:50:12+00:00","og_image":[{"width":1440,"height":810,"url":"https:\/\/mauri-monasterium.com\/wp-content\/uploads\/2026\/02\/vos.jpg","type":"image\/jpeg"}],"twitter_card":"summary_large_image","twitter_misc":{"Dur\u00e9e de lecture estim\u00e9e":"1 minute"},"schema":{"@context":"https:\/\/schema.org","@graph":[{"@type":"WebPage","@id":"https:\/\/mauri-monasterium.com\/index.php\/produit\/bouxwiller-patrimoine-en-couleurs-15-08-2026\/","url":"https:\/\/mauri-monasterium.com\/index.php\/produit\/bouxwiller-patrimoine-en-couleurs-15-08-2026\/","name":"BOUXWILLER - Patrimoine en couleurs - 15\/08\/26","isPartOf":{"@id":"https:\/\/mauri-monasterium.com\/#website"},"primaryImageOfPage":{"@id":"https:\/\/mauri-monasterium.com\/index.php\/produit\/bouxwiller-patrimoine-en-couleurs-15-08-2026\/#primaryimage"},"image":{"@id":"https:\/\/mauri-monasterium.com\/index.php\/produit\/bouxwiller-patrimoine-en-couleurs-15-08-2026\/#primaryimage"},"thumbnailUrl":"https:\/\/i0.wp.com\/mauri-monasterium.com\/wp-content\/uploads\/2026\/02\/vos.jpg?fit=1440%2C810&ssl=1","datePublished":"2026-02-28T17:32:36+00:00","dateModified":"2026-03-19T16:50:12+00:00","description":"Atelier cr\u00e9atif en coeur de village \u00e0 Bouxwiller en Alsace, organis\u00e9 durant l'\u00e9t\u00e9 2026. Inscriptions ouvertes dans la limite des places disponibles!","breadcrumb":{"@id":"https:\/\/mauri-monasterium.com\/index.php\/produit\/bouxwiller-patrimoine-en-couleurs-15-08-2026\/#breadcrumb"},"inLanguage":"fr-FR","potentialAction":[{"@type":"ReadAction","target":["https:\/\/mauri-monasterium.com\/index.php\/produit\/bouxwiller-patrimoine-en-couleurs-15-08-2026\/"]}]},{"@type":"ImageObject","inLanguage":"fr-FR","@id":"https:\/\/mauri-monasterium.com\/index.php\/produit\/bouxwiller-patrimoine-en-couleurs-15-08-2026\/#primaryimage","url":"https:\/\/i0.wp.com\/mauri-monasterium.com\/wp-content\/uploads\/2026\/02\/vos.jpg?fit=1440%2C810&ssl=1","contentUrl":"https:\/\/i0.wp.com\/mauri-monasterium.com\/wp-content\/uploads\/2026\/02\/vos.jpg?fit=1440%2C810&ssl=1","width":1440,"height":810,"caption":"vosges du nord patrimoine en couleurs"},{"@type":"BreadcrumbList","@id":"https:\/\/mauri-monasterium.com\/index.php\/produit\/bouxwiller-patrimoine-en-couleurs-15-08-2026\/#breadcrumb","itemListElement":[{"@type":"ListItem","position":1,"name":"Accueil","item":"https:\/\/mauri-monasterium.com\/"},{"@type":"ListItem","position":2,"name":"BIENVENUE DANS LA BOUTIQUE","item":"https:\/\/mauri-monasterium.com\/index.php\/boutique\/"},{"@type":"ListItem","position":3,"name":"BOUXWILLER | Patrimoine en Couleurs &#8211; 15\/08\/2026"}]},{"@type":"WebSite","@id":"https:\/\/mauri-monasterium.com\/#website","url":"https:\/\/mauri-monasterium.com\/","name":"Mauri Monasterium Alsace, avec Tim et Time","description":"L&#039;Alsace en d\u00e9couverte, passionn\u00e9ment.","publisher":{"@id":"https:\/\/mauri-monasterium.com\/#organization"},"potentialAction":[{"@type":"SearchAction","target":{"@type":"EntryPoint","urlTemplate":"https:\/\/mauri-monasterium.com\/?s={search_term_string}"},"query-input":{"@type":"PropertyValueSpecification","valueRequired":true,"valueName":"search_term_string"}}],"inLanguage":"fr-FR"},{"@type":"Organization","@id":"https:\/\/mauri-monasterium.com\/#organization","name":"Mauri Monasterium Alsace, avec Tim et Time","url":"https:\/\/mauri-monasterium.com\/","logo":{"@type":"ImageObject","inLanguage":"fr-FR","@id":"https:\/\/mauri-monasterium.com\/#\/schema\/logo\/image\/","url":"https:\/\/i0.wp.com\/mauri-monasterium.com\/wp-content\/uploads\/2024\/07\/logo-Mauri-Monasterium-1.jpg?fit=250%2C150&ssl=1","contentUrl":"https:\/\/i0.wp.com\/mauri-monasterium.com\/wp-content\/uploads\/2024\/07\/logo-Mauri-Monasterium-1.jpg?fit=250%2C150&ssl=1","width":250,"height":150,"caption":"Mauri Monasterium Alsace, avec Tim et Time"},"image":{"@id":"https:\/\/mauri-monasterium.com\/#\/schema\/logo\/image\/"},"sameAs":["https:\/\/www.facebook.com\/people\/Mauri-Monasterium-par-Tim-et-Time\/61563848182254\/"]}]}},"jetpack_sharing_enabled":true,"_links":{"self":[{"href":"https:\/\/mauri-monasterium.com\/index.php\/wp-json\/wp\/v2\/product\/2066","targetHints":{"allow":["GET"]}}],"collection":[{"href":"https:\/\/mauri-monasterium.com\/index.php\/wp-json\/wp\/v2\/product"}],"about":[{"href":"https:\/\/mauri-monasterium.com\/index.php\/wp-json\/wp\/v2\/types\/product"}],"wp:featuredmedia":[{"embeddable":true,"href":"https:\/\/mauri-monasterium.com\/index.php\/wp-json\/wp\/v2\/media\/2056"}],"wp:attachment":[{"href":"https:\/\/mauri-monasterium.com\/index.php\/wp-json\/wp\/v2\/media?parent=2066"}],"wp:term":[{"taxonomy":"product_brand","embeddable":true,"href":"https:\/\/mauri-monasterium.com\/index.php\/wp-json\/wp\/v2\/product_brand?post=2066"},{"taxonomy":"product_cat","embeddable":true,"href":"https:\/\/mauri-monasterium.com\/index.php\/wp-json\/wp\/v2\/product_cat?post=2066"},{"taxonomy":"product_tag","embeddable":true,"href":"https:\/\/mauri-monasterium.com\/index.php\/wp-json\/wp\/v2\/product_tag?post=2066"}],"curies":[{"name":"wp","href":"https:\/\/api.w.org\/{rel}","templated":true}]}}