{"id":2009,"date":"2026-02-18T15:35:11","date_gmt":"2026-02-18T14:35:11","guid":{"rendered":"https:\/\/mauri-monasterium.com\/?post_type=product&#038;p=2009"},"modified":"2026-03-10T18:17:19","modified_gmt":"2026-03-10T17:17:19","slug":"portrait-mignon-de-votre-chat-avec-son-prenom-carte-postale","status":"publish","type":"product","link":"https:\/\/mauri-monasterium.com\/index.php\/produit\/portrait-mignon-de-votre-chat-avec-son-prenom-carte-postale\/","title":{"rendered":"Portrait personnalis\u00e9 Chat &#8211; carte postale \u00e0 encadrer ou envoyer"},"content":{"rendered":"<p>\u2764\ufe0f Vous aimez mon style de dessin mignon? J&rsquo;aimerais r\u00e9aliser le portrait de votre chat, chaton ou autre animal de compagnie ou celui de l&rsquo;\u00eatre qui vous est cher si c&rsquo;est en souvenir de lui. Nous pouvons \u00e9galement y mettre son pr\u00e9nom. Je suis adepte du fait-maison! Ici vous n&rsquo;aurez pas d&rsquo;intelligence artificielle mais une vraie personne, dessinant et peignant une peinture originale sur un v\u00e9ritable papier aquarelle.<\/p>\n<p>Les aquarelles sont peintes \u00e0 la main avec de la peinture aquarelle de qualit\u00e9 professionnelle sur du papier aquarelle au format de carte postale 300g &#8211; 100% coton press\u00e9 \u00e0 froid (ce n&rsquo;est pas un tableau). Blanc \u00e0 l&rsquo;int\u00e9rieur. Le dessin est r\u00e9alis\u00e9 d&rsquo;apr\u00e8s photo, et ne sera pas une caricature n\u00e9gative de votre animal mais au contraire, un visage qui le rendra joyeux et \u00e9panoui.<\/p>\n<p>Taille de la carte : 10,5 cm x 15 cm<\/p>\n<p>Enveloppe : enveloppe de couleur assortie ou blanche<\/p>\n<p>La carte et l&rsquo;enveloppe sont envoy\u00e9es sous blister de protection avec un sticker au dos.<br \/>\nNotez que les couleurs peuvent l\u00e9g\u00e8rement varier selon votre \u00e9cran.<br \/>\nAucun \u00e9change ni retour car c\u2019est une commande personnalis\u00e9e.<\/p>\n<p>Si vous avez des questions, n&rsquo;h\u00e9sitez pas \u00e0 nous contacter \ud83d\ude42<br \/>\n&#8212;-<br \/>\nD\u00e9lai de traitement :<br \/>\nComme votre commande est sur-mesure, elle sera pr\u00eate \u00e0 \u00eatre exp\u00e9di\u00e9e dans un d\u00e9lai de 7 jours ouvrables apr\u00e8s envoi de votre\/vos photos (le temps que je la r\u00e9alise). Toutes les commandes seront trait\u00e9es dans l&rsquo;ordre de r\u00e9ception. Pour toute commande urgente, veuillez contacter la boutique avant de passer la commande.<\/p>\n<p>Exp\u00e9dition et heure d&rsquo;arriv\u00e9e estim\u00e9e :<br \/>\nLe d\u00e9lai de livraison commence une fois l&rsquo;envoi de vos photos ainsi que le paiement int\u00e9gral effectu\u00e9. Habituellement dans les 7 jours ouvrables.<\/p>\n<p>Tous les colis seront exp\u00e9di\u00e9s par poste et sans suivi**.<\/p>\n<p>\u2022 Pr\u00e9voyez 1 semaine* pour la livraison en France M\u00e9tropolitaine<br \/>\n\u2022 Pr\u00e9voyez 3 semaines* pour les DOM TOM<br \/>\n\u2022 Pr\u00e9voyez de 6 \u00e0 10 semaines* pour la livraison vers la plupart des autres destinations<\/p>\n<p>* Veuillez noter que pendant les mois de No\u00ebl, de la Saint-Valentin et de la f\u00eate des M\u00e8res, l&rsquo;heure estim\u00e9e d&rsquo;arriv\u00e9e peut ne pas \u00eatre exacte, c&rsquo;est-\u00e0-dire que cela peut prendre plus de temps.<\/p>\n<p>** Si vous avez besoin d&rsquo;un article pour une date sp\u00e9cifique, pour un suivi ou pour ajouter une assurance, veuillez contacter la boutique avant de commander, des frais d&rsquo;exp\u00e9dition suppl\u00e9mentaires peuvent \u00eatre ajout\u00e9s aux frais d&rsquo;exp\u00e9dition.<\/p>\n<p>\u00a9 Tim et Time Alsace (2026). Tous droits r\u00e9serv\u00e9s. La reproduction, la distribution ou l&rsquo;utilisation non autoris\u00e9e de ces aquarelles est strictement interdite. Chaque pi\u00e8ce est prot\u00e9g\u00e9e par la loi sur le droit d&rsquo;auteur.<\/p>\n","protected":false},"excerpt":{"rendered":"<p>\ud83c\udf1f Offrez l\u2019\u00e9motion de l\u2019unique : nos cartes postales sont peintes \u00e0 la main \u00e0 l\u2019aquarelle, en exemplaire original, livr\u00e9es sous blister avec leur enveloppe \u00e9l\u00e9gante.<br data-start=\"247\" data-end=\"250\" \/>\ud83c\udfa8 Chaque carte est une petite \u0153uvre d\u2019art, id\u00e9ale pour marquer les esprits avec douceur et po\u00e9sie.<br data-start=\"349\" data-end=\"352\" \/>\ud83d\udc8c Loin des impressions standardis\u00e9es, choisissez l\u2019authenticit\u00e9 d\u2019un message vraiment personnel&#8230; ou conservez l&rsquo;oeuvre pour l&rsquo;encadrer et en faire la meilleure des d\u00e9corations!<\/p>\n","protected":false},"featured_media":2010,"template":"","meta":{"_et_pb_use_builder":"","_et_pb_old_content":"","_et_gb_content_width":""},"product_brand":[],"product_cat":[66],"product_tag":[],"class_list":{"0":"post-2009","1":"product","2":"type-product","3":"status-publish","4":"has-post-thumbnail","6":"product_cat-art-originaux","7":"product_shipping_class-envoi-leger","9":"first","10":"instock","11":"sold-individually","12":"product-type-external"},"yoast_head":"<!-- This site is optimized with the Yoast SEO plugin v27.3 - https:\/\/yoast.com\/product\/yoast-seo-wordpress\/ -->\n<title>Portrait personnalis\u00e9 Chat - carte postale \u00e0 encadrer ou envoyer - Mauri Monasterium<\/title>\n<meta name=\"description\" content=\"Chaque carte est une petite \u0153uvre d\u2019art, id\u00e9ale pour marquer les esprits avec douceur et po\u00e9sie. Loin des impressions standardis\u00e9es, choisissez l\u2019authenticit\u00e9 d\u2019un message vraiment personnel... ou conservez l&#039;oeuvre en l&#039;encadrant chez vous pour la plus belle des d\u00e9corations!\" \/>\n<meta name=\"robots\" content=\"index, follow, max-snippet:-1, max-image-preview:large, max-video-preview:-1\" \/>\n<link rel=\"canonical\" href=\"https:\/\/mauri-monasterium.com\/index.php\/produit\/portrait-mignon-de-votre-chat-avec-son-prenom-carte-postale\/\" \/>\n<meta property=\"og:locale\" content=\"fr_FR\" \/>\n<meta property=\"og:type\" content=\"article\" \/>\n<meta property=\"og:title\" content=\"Portrait personnalis\u00e9 Chat - carte postale \u00e0 encadrer ou envoyer - Mauri Monasterium\" \/>\n<meta property=\"og:description\" content=\"Chaque carte est une petite \u0153uvre d\u2019art, id\u00e9ale pour marquer les esprits avec douceur et po\u00e9sie. Loin des impressions standardis\u00e9es, choisissez l\u2019authenticit\u00e9 d\u2019un message vraiment personnel... ou conservez l&#039;oeuvre en l&#039;encadrant chez vous pour la plus belle des d\u00e9corations!\" \/>\n<meta property=\"og:url\" content=\"https:\/\/mauri-monasterium.com\/index.php\/produit\/portrait-mignon-de-votre-chat-avec-son-prenom-carte-postale\/\" \/>\n<meta property=\"og:site_name\" content=\"Mauri Monasterium\" \/>\n<meta property=\"article:publisher\" content=\"https:\/\/www.facebook.com\/people\/Mauri-Monasterium-par-Tim-et-Time\/61563848182254\/\" \/>\n<meta property=\"article:modified_time\" content=\"2026-03-10T17:17:19+00:00\" \/>\n<meta property=\"og:image\" content=\"https:\/\/mauri-monasterium.com\/wp-content\/uploads\/2026\/02\/hector.jpg\" \/>\n\t<meta property=\"og:image:width\" content=\"1140\" \/>\n\t<meta property=\"og:image:height\" content=\"1140\" \/>\n\t<meta property=\"og:image:type\" content=\"image\/jpeg\" \/>\n<meta name=\"twitter:card\" content=\"summary_large_image\" \/>\n<meta name=\"twitter:label1\" content=\"Dur\u00e9e de lecture estim\u00e9e\" \/>\n\t<meta name=\"twitter:data1\" content=\"3 minutes\" \/>\n<script type=\"application\/ld+json\" class=\"yoast-schema-graph\">{\"@context\":\"https:\\\/\\\/schema.org\",\"@graph\":[{\"@type\":\"WebPage\",\"@id\":\"https:\\\/\\\/mauri-monasterium.com\\\/index.php\\\/produit\\\/portrait-mignon-de-votre-chat-avec-son-prenom-carte-postale\\\/\",\"url\":\"https:\\\/\\\/mauri-monasterium.com\\\/index.php\\\/produit\\\/portrait-mignon-de-votre-chat-avec-son-prenom-carte-postale\\\/\",\"name\":\"Portrait personnalis\u00e9 Chat - carte postale \u00e0 encadrer ou envoyer - Mauri Monasterium\",\"isPartOf\":{\"@id\":\"https:\\\/\\\/mauri-monasterium.com\\\/#website\"},\"primaryImageOfPage\":{\"@id\":\"https:\\\/\\\/mauri-monasterium.com\\\/index.php\\\/produit\\\/portrait-mignon-de-votre-chat-avec-son-prenom-carte-postale\\\/#primaryimage\"},\"image\":{\"@id\":\"https:\\\/\\\/mauri-monasterium.com\\\/index.php\\\/produit\\\/portrait-mignon-de-votre-chat-avec-son-prenom-carte-postale\\\/#primaryimage\"},\"thumbnailUrl\":\"https:\\\/\\\/i0.wp.com\\\/mauri-monasterium.com\\\/wp-content\\\/uploads\\\/2026\\\/02\\\/hector.jpg?fit=1140%2C1140&ssl=1\",\"datePublished\":\"2026-02-18T14:35:11+00:00\",\"dateModified\":\"2026-03-10T17:17:19+00:00\",\"description\":\"Chaque carte est une petite \u0153uvre d\u2019art, id\u00e9ale pour marquer les esprits avec douceur et po\u00e9sie. Loin des impressions standardis\u00e9es, choisissez l\u2019authenticit\u00e9 d\u2019un message vraiment personnel... ou conservez l'oeuvre en l'encadrant chez vous pour la plus belle des d\u00e9corations!\",\"breadcrumb\":{\"@id\":\"https:\\\/\\\/mauri-monasterium.com\\\/index.php\\\/produit\\\/portrait-mignon-de-votre-chat-avec-son-prenom-carte-postale\\\/#breadcrumb\"},\"inLanguage\":\"fr-FR\",\"potentialAction\":[{\"@type\":\"ReadAction\",\"target\":[\"https:\\\/\\\/mauri-monasterium.com\\\/index.php\\\/produit\\\/portrait-mignon-de-votre-chat-avec-son-prenom-carte-postale\\\/\"]}]},{\"@type\":\"ImageObject\",\"inLanguage\":\"fr-FR\",\"@id\":\"https:\\\/\\\/mauri-monasterium.com\\\/index.php\\\/produit\\\/portrait-mignon-de-votre-chat-avec-son-prenom-carte-postale\\\/#primaryimage\",\"url\":\"https:\\\/\\\/i0.wp.com\\\/mauri-monasterium.com\\\/wp-content\\\/uploads\\\/2026\\\/02\\\/hector.jpg?fit=1140%2C1140&ssl=1\",\"contentUrl\":\"https:\\\/\\\/i0.wp.com\\\/mauri-monasterium.com\\\/wp-content\\\/uploads\\\/2026\\\/02\\\/hector.jpg?fit=1140%2C1140&ssl=1\",\"width\":1140,\"height\":1140,\"caption\":\"Hector, un exemple de portrait d'animal de compagnie personnalis\u00e9\"},{\"@type\":\"BreadcrumbList\",\"@id\":\"https:\\\/\\\/mauri-monasterium.com\\\/index.php\\\/produit\\\/portrait-mignon-de-votre-chat-avec-son-prenom-carte-postale\\\/#breadcrumb\",\"itemListElement\":[{\"@type\":\"ListItem\",\"position\":1,\"name\":\"Accueil\",\"item\":\"https:\\\/\\\/mauri-monasterium.com\\\/\"},{\"@type\":\"ListItem\",\"position\":2,\"name\":\"BIENVENUE DANS LA BOUTIQUE\",\"item\":\"https:\\\/\\\/mauri-monasterium.com\\\/index.php\\\/boutique\\\/\"},{\"@type\":\"ListItem\",\"position\":3,\"name\":\"Portrait personnalis\u00e9 Chat &#8211; carte postale \u00e0 encadrer ou envoyer\"}]},{\"@type\":\"WebSite\",\"@id\":\"https:\\\/\\\/mauri-monasterium.com\\\/#website\",\"url\":\"https:\\\/\\\/mauri-monasterium.com\\\/\",\"name\":\"Mauri Monasterium Alsace, avec Tim et Time\",\"description\":\"L&#039;Alsace en d\u00e9couverte, passionn\u00e9ment.\",\"publisher\":{\"@id\":\"https:\\\/\\\/mauri-monasterium.com\\\/#organization\"},\"potentialAction\":[{\"@type\":\"SearchAction\",\"target\":{\"@type\":\"EntryPoint\",\"urlTemplate\":\"https:\\\/\\\/mauri-monasterium.com\\\/?s={search_term_string}\"},\"query-input\":{\"@type\":\"PropertyValueSpecification\",\"valueRequired\":true,\"valueName\":\"search_term_string\"}}],\"inLanguage\":\"fr-FR\"},{\"@type\":\"Organization\",\"@id\":\"https:\\\/\\\/mauri-monasterium.com\\\/#organization\",\"name\":\"Mauri Monasterium Alsace, avec Tim et Time\",\"url\":\"https:\\\/\\\/mauri-monasterium.com\\\/\",\"logo\":{\"@type\":\"ImageObject\",\"inLanguage\":\"fr-FR\",\"@id\":\"https:\\\/\\\/mauri-monasterium.com\\\/#\\\/schema\\\/logo\\\/image\\\/\",\"url\":\"https:\\\/\\\/i0.wp.com\\\/mauri-monasterium.com\\\/wp-content\\\/uploads\\\/2024\\\/07\\\/logo-Mauri-Monasterium-1.jpg?fit=250%2C150&ssl=1\",\"contentUrl\":\"https:\\\/\\\/i0.wp.com\\\/mauri-monasterium.com\\\/wp-content\\\/uploads\\\/2024\\\/07\\\/logo-Mauri-Monasterium-1.jpg?fit=250%2C150&ssl=1\",\"width\":250,\"height\":150,\"caption\":\"Mauri Monasterium Alsace, avec Tim et Time\"},\"image\":{\"@id\":\"https:\\\/\\\/mauri-monasterium.com\\\/#\\\/schema\\\/logo\\\/image\\\/\"},\"sameAs\":[\"https:\\\/\\\/www.facebook.com\\\/people\\\/Mauri-Monasterium-par-Tim-et-Time\\\/61563848182254\\\/\"]}]}<\/script>\n<!-- \/ Yoast SEO plugin. -->","yoast_head_json":{"title":"Portrait personnalis\u00e9 Chat - carte postale \u00e0 encadrer ou envoyer - Mauri Monasterium","description":"Chaque carte est une petite \u0153uvre d\u2019art, id\u00e9ale pour marquer les esprits avec douceur et po\u00e9sie. Loin des impressions standardis\u00e9es, choisissez l\u2019authenticit\u00e9 d\u2019un message vraiment personnel... ou conservez l'oeuvre en l'encadrant chez vous pour la plus belle des d\u00e9corations!","robots":{"index":"index","follow":"follow","max-snippet":"max-snippet:-1","max-image-preview":"max-image-preview:large","max-video-preview":"max-video-preview:-1"},"canonical":"https:\/\/mauri-monasterium.com\/index.php\/produit\/portrait-mignon-de-votre-chat-avec-son-prenom-carte-postale\/","og_locale":"fr_FR","og_type":"article","og_title":"Portrait personnalis\u00e9 Chat - carte postale \u00e0 encadrer ou envoyer - Mauri Monasterium","og_description":"Chaque carte est une petite \u0153uvre d\u2019art, id\u00e9ale pour marquer les esprits avec douceur et po\u00e9sie. Loin des impressions standardis\u00e9es, choisissez l\u2019authenticit\u00e9 d\u2019un message vraiment personnel... ou conservez l'oeuvre en l'encadrant chez vous pour la plus belle des d\u00e9corations!","og_url":"https:\/\/mauri-monasterium.com\/index.php\/produit\/portrait-mignon-de-votre-chat-avec-son-prenom-carte-postale\/","og_site_name":"Mauri Monasterium","article_publisher":"https:\/\/www.facebook.com\/people\/Mauri-Monasterium-par-Tim-et-Time\/61563848182254\/","article_modified_time":"2026-03-10T17:17:19+00:00","og_image":[{"width":1140,"height":1140,"url":"https:\/\/mauri-monasterium.com\/wp-content\/uploads\/2026\/02\/hector.jpg","type":"image\/jpeg"}],"twitter_card":"summary_large_image","twitter_misc":{"Dur\u00e9e de lecture estim\u00e9e":"3 minutes"},"schema":{"@context":"https:\/\/schema.org","@graph":[{"@type":"WebPage","@id":"https:\/\/mauri-monasterium.com\/index.php\/produit\/portrait-mignon-de-votre-chat-avec-son-prenom-carte-postale\/","url":"https:\/\/mauri-monasterium.com\/index.php\/produit\/portrait-mignon-de-votre-chat-avec-son-prenom-carte-postale\/","name":"Portrait personnalis\u00e9 Chat - carte postale \u00e0 encadrer ou envoyer - Mauri Monasterium","isPartOf":{"@id":"https:\/\/mauri-monasterium.com\/#website"},"primaryImageOfPage":{"@id":"https:\/\/mauri-monasterium.com\/index.php\/produit\/portrait-mignon-de-votre-chat-avec-son-prenom-carte-postale\/#primaryimage"},"image":{"@id":"https:\/\/mauri-monasterium.com\/index.php\/produit\/portrait-mignon-de-votre-chat-avec-son-prenom-carte-postale\/#primaryimage"},"thumbnailUrl":"https:\/\/i0.wp.com\/mauri-monasterium.com\/wp-content\/uploads\/2026\/02\/hector.jpg?fit=1140%2C1140&ssl=1","datePublished":"2026-02-18T14:35:11+00:00","dateModified":"2026-03-10T17:17:19+00:00","description":"Chaque carte est une petite \u0153uvre d\u2019art, id\u00e9ale pour marquer les esprits avec douceur et po\u00e9sie. Loin des impressions standardis\u00e9es, choisissez l\u2019authenticit\u00e9 d\u2019un message vraiment personnel... ou conservez l'oeuvre en l'encadrant chez vous pour la plus belle des d\u00e9corations!","breadcrumb":{"@id":"https:\/\/mauri-monasterium.com\/index.php\/produit\/portrait-mignon-de-votre-chat-avec-son-prenom-carte-postale\/#breadcrumb"},"inLanguage":"fr-FR","potentialAction":[{"@type":"ReadAction","target":["https:\/\/mauri-monasterium.com\/index.php\/produit\/portrait-mignon-de-votre-chat-avec-son-prenom-carte-postale\/"]}]},{"@type":"ImageObject","inLanguage":"fr-FR","@id":"https:\/\/mauri-monasterium.com\/index.php\/produit\/portrait-mignon-de-votre-chat-avec-son-prenom-carte-postale\/#primaryimage","url":"https:\/\/i0.wp.com\/mauri-monasterium.com\/wp-content\/uploads\/2026\/02\/hector.jpg?fit=1140%2C1140&ssl=1","contentUrl":"https:\/\/i0.wp.com\/mauri-monasterium.com\/wp-content\/uploads\/2026\/02\/hector.jpg?fit=1140%2C1140&ssl=1","width":1140,"height":1140,"caption":"Hector, un exemple de portrait d'animal de compagnie personnalis\u00e9"},{"@type":"BreadcrumbList","@id":"https:\/\/mauri-monasterium.com\/index.php\/produit\/portrait-mignon-de-votre-chat-avec-son-prenom-carte-postale\/#breadcrumb","itemListElement":[{"@type":"ListItem","position":1,"name":"Accueil","item":"https:\/\/mauri-monasterium.com\/"},{"@type":"ListItem","position":2,"name":"BIENVENUE DANS LA BOUTIQUE","item":"https:\/\/mauri-monasterium.com\/index.php\/boutique\/"},{"@type":"ListItem","position":3,"name":"Portrait personnalis\u00e9 Chat &#8211; carte postale \u00e0 encadrer ou envoyer"}]},{"@type":"WebSite","@id":"https:\/\/mauri-monasterium.com\/#website","url":"https:\/\/mauri-monasterium.com\/","name":"Mauri Monasterium Alsace, avec Tim et Time","description":"L&#039;Alsace en d\u00e9couverte, passionn\u00e9ment.","publisher":{"@id":"https:\/\/mauri-monasterium.com\/#organization"},"potentialAction":[{"@type":"SearchAction","target":{"@type":"EntryPoint","urlTemplate":"https:\/\/mauri-monasterium.com\/?s={search_term_string}"},"query-input":{"@type":"PropertyValueSpecification","valueRequired":true,"valueName":"search_term_string"}}],"inLanguage":"fr-FR"},{"@type":"Organization","@id":"https:\/\/mauri-monasterium.com\/#organization","name":"Mauri Monasterium Alsace, avec Tim et Time","url":"https:\/\/mauri-monasterium.com\/","logo":{"@type":"ImageObject","inLanguage":"fr-FR","@id":"https:\/\/mauri-monasterium.com\/#\/schema\/logo\/image\/","url":"https:\/\/i0.wp.com\/mauri-monasterium.com\/wp-content\/uploads\/2024\/07\/logo-Mauri-Monasterium-1.jpg?fit=250%2C150&ssl=1","contentUrl":"https:\/\/i0.wp.com\/mauri-monasterium.com\/wp-content\/uploads\/2024\/07\/logo-Mauri-Monasterium-1.jpg?fit=250%2C150&ssl=1","width":250,"height":150,"caption":"Mauri Monasterium Alsace, avec Tim et Time"},"image":{"@id":"https:\/\/mauri-monasterium.com\/#\/schema\/logo\/image\/"},"sameAs":["https:\/\/www.facebook.com\/people\/Mauri-Monasterium-par-Tim-et-Time\/61563848182254\/"]}]}},"jetpack_sharing_enabled":true,"_links":{"self":[{"href":"https:\/\/mauri-monasterium.com\/index.php\/wp-json\/wp\/v2\/product\/2009","targetHints":{"allow":["GET"]}}],"collection":[{"href":"https:\/\/mauri-monasterium.com\/index.php\/wp-json\/wp\/v2\/product"}],"about":[{"href":"https:\/\/mauri-monasterium.com\/index.php\/wp-json\/wp\/v2\/types\/product"}],"wp:featuredmedia":[{"embeddable":true,"href":"https:\/\/mauri-monasterium.com\/index.php\/wp-json\/wp\/v2\/media\/2010"}],"wp:attachment":[{"href":"https:\/\/mauri-monasterium.com\/index.php\/wp-json\/wp\/v2\/media?parent=2009"}],"wp:term":[{"taxonomy":"product_brand","embeddable":true,"href":"https:\/\/mauri-monasterium.com\/index.php\/wp-json\/wp\/v2\/product_brand?post=2009"},{"taxonomy":"product_cat","embeddable":true,"href":"https:\/\/mauri-monasterium.com\/index.php\/wp-json\/wp\/v2\/product_cat?post=2009"},{"taxonomy":"product_tag","embeddable":true,"href":"https:\/\/mauri-monasterium.com\/index.php\/wp-json\/wp\/v2\/product_tag?post=2009"}],"curies":[{"name":"wp","href":"https:\/\/api.w.org\/{rel}","templated":true}]}}