{"id":1283,"date":"2025-03-06T15:32:01","date_gmt":"2025-03-06T14:32:01","guid":{"rendered":"https:\/\/mauri-monasterium.com\/?post_type=product&#038;p=1283"},"modified":"2026-02-18T16:22:20","modified_gmt":"2026-02-18T15:22:20","slug":"valise-creative-1-cartes-postales-a-laquarelle","status":"publish","type":"product","link":"https:\/\/mauri-monasterium.com\/index.php\/produit\/valise-creative-1-cartes-postales-a-laquarelle\/","title":{"rendered":"Valise cr\u00e9ative #1- Cartes Postales \u00e0 l&rsquo;Aquarelle"},"content":{"rendered":"<p>Valise cr\u00e9ative contenant l&rsquo;ensemble des fournitures n\u00e9cessaires \u00e0 la r\u00e9alisation de vos cartes postales et sketchs urbains aquarellables.<br \/>\nBient\u00f4t disponible.<\/p>\n","protected":false},"excerpt":{"rendered":"<p>Contenu de la valise cr\u00e9ative n\u00b01 \u00e0 venir:<br \/>\n&#8211;<br \/>\n&#8211;<br \/>\n&#8211;<br \/>\n&#8211;<br \/>\n&#8211;<\/p>\n","protected":false},"featured_media":1282,"template":"","meta":{"_et_pb_use_builder":"","_et_pb_old_content":"","_et_gb_content_width":""},"product_brand":[],"product_cat":[62,83],"product_tag":[],"class_list":{"0":"post-1283","1":"product","2":"type-product","3":"status-publish","4":"has-post-thumbnail","6":"product_cat-experiences-ateliers-rencontres","7":"product_cat-materiel-art","8":"product_shipping_class-envoi-leger","10":"first","11":"onbackorder","12":"taxable","13":"shipping-taxable","14":"purchasable","15":"product-type-simple"},"yoast_head":"<!-- This site is optimized with the Yoast SEO plugin v27.3 - https:\/\/yoast.com\/product\/yoast-seo-wordpress\/ -->\n<title>Valise cr\u00e9ative #1- Cartes Postales \u00e0 l&#039;Aquarelle - Mauri Monasterium<\/title>\n<meta name=\"robots\" content=\"index, follow, max-snippet:-1, max-image-preview:large, max-video-preview:-1\" \/>\n<link rel=\"canonical\" href=\"https:\/\/mauri-monasterium.com\/index.php\/produit\/valise-creative-1-cartes-postales-a-laquarelle\/\" \/>\n<meta property=\"og:locale\" content=\"fr_FR\" \/>\n<meta property=\"og:type\" content=\"article\" \/>\n<meta property=\"og:title\" content=\"Valise cr\u00e9ative #1- Cartes Postales \u00e0 l&#039;Aquarelle - Mauri Monasterium\" \/>\n<meta property=\"og:description\" content=\"Contenu de la valise cr\u00e9ative n\u00b01 \u00e0 venir: -  - - - -\" \/>\n<meta property=\"og:url\" content=\"https:\/\/mauri-monasterium.com\/index.php\/produit\/valise-creative-1-cartes-postales-a-laquarelle\/\" \/>\n<meta property=\"og:site_name\" content=\"Mauri Monasterium\" \/>\n<meta property=\"article:publisher\" content=\"https:\/\/www.facebook.com\/people\/Mauri-Monasterium-par-Tim-et-Time\/61563848182254\/\" \/>\n<meta property=\"article:modified_time\" content=\"2026-02-18T15:22:20+00:00\" \/>\n<meta property=\"og:image\" content=\"https:\/\/mauri-monasterium.com\/wp-content\/uploads\/2025\/03\/valise-artistique.png\" \/>\n\t<meta property=\"og:image:width\" content=\"500\" \/>\n\t<meta property=\"og:image:height\" content=\"500\" \/>\n\t<meta property=\"og:image:type\" content=\"image\/png\" \/>\n<meta name=\"twitter:card\" content=\"summary_large_image\" \/>\n<script type=\"application\/ld+json\" class=\"yoast-schema-graph\">{\"@context\":\"https:\\\/\\\/schema.org\",\"@graph\":[{\"@type\":\"WebPage\",\"@id\":\"https:\\\/\\\/mauri-monasterium.com\\\/index.php\\\/produit\\\/valise-creative-1-cartes-postales-a-laquarelle\\\/\",\"url\":\"https:\\\/\\\/mauri-monasterium.com\\\/index.php\\\/produit\\\/valise-creative-1-cartes-postales-a-laquarelle\\\/\",\"name\":\"Valise cr\u00e9ative #1- Cartes Postales \u00e0 l'Aquarelle - Mauri Monasterium\",\"isPartOf\":{\"@id\":\"https:\\\/\\\/mauri-monasterium.com\\\/#website\"},\"primaryImageOfPage\":{\"@id\":\"https:\\\/\\\/mauri-monasterium.com\\\/index.php\\\/produit\\\/valise-creative-1-cartes-postales-a-laquarelle\\\/#primaryimage\"},\"image\":{\"@id\":\"https:\\\/\\\/mauri-monasterium.com\\\/index.php\\\/produit\\\/valise-creative-1-cartes-postales-a-laquarelle\\\/#primaryimage\"},\"thumbnailUrl\":\"https:\\\/\\\/i0.wp.com\\\/mauri-monasterium.com\\\/wp-content\\\/uploads\\\/2025\\\/03\\\/valise-artistique.png?fit=500%2C500&ssl=1\",\"datePublished\":\"2025-03-06T14:32:01+00:00\",\"dateModified\":\"2026-02-18T15:22:20+00:00\",\"breadcrumb\":{\"@id\":\"https:\\\/\\\/mauri-monasterium.com\\\/index.php\\\/produit\\\/valise-creative-1-cartes-postales-a-laquarelle\\\/#breadcrumb\"},\"inLanguage\":\"fr-FR\",\"potentialAction\":[{\"@type\":\"ReadAction\",\"target\":[\"https:\\\/\\\/mauri-monasterium.com\\\/index.php\\\/produit\\\/valise-creative-1-cartes-postales-a-laquarelle\\\/\"]}]},{\"@type\":\"ImageObject\",\"inLanguage\":\"fr-FR\",\"@id\":\"https:\\\/\\\/mauri-monasterium.com\\\/index.php\\\/produit\\\/valise-creative-1-cartes-postales-a-laquarelle\\\/#primaryimage\",\"url\":\"https:\\\/\\\/i0.wp.com\\\/mauri-monasterium.com\\\/wp-content\\\/uploads\\\/2025\\\/03\\\/valise-artistique.png?fit=500%2C500&ssl=1\",\"contentUrl\":\"https:\\\/\\\/i0.wp.com\\\/mauri-monasterium.com\\\/wp-content\\\/uploads\\\/2025\\\/03\\\/valise-artistique.png?fit=500%2C500&ssl=1\",\"width\":500,\"height\":500,\"caption\":\"image de Tim et Time\"},{\"@type\":\"BreadcrumbList\",\"@id\":\"https:\\\/\\\/mauri-monasterium.com\\\/index.php\\\/produit\\\/valise-creative-1-cartes-postales-a-laquarelle\\\/#breadcrumb\",\"itemListElement\":[{\"@type\":\"ListItem\",\"position\":1,\"name\":\"Accueil\",\"item\":\"https:\\\/\\\/mauri-monasterium.com\\\/\"},{\"@type\":\"ListItem\",\"position\":2,\"name\":\"BIENVENUE DANS LA BOUTIQUE\",\"item\":\"https:\\\/\\\/mauri-monasterium.com\\\/index.php\\\/boutique\\\/\"},{\"@type\":\"ListItem\",\"position\":3,\"name\":\"Valise cr\u00e9ative #1- Cartes Postales \u00e0 l&#8217;Aquarelle\"}]},{\"@type\":\"WebSite\",\"@id\":\"https:\\\/\\\/mauri-monasterium.com\\\/#website\",\"url\":\"https:\\\/\\\/mauri-monasterium.com\\\/\",\"name\":\"Mauri Monasterium Alsace, avec Tim et Time\",\"description\":\"L&#039;Alsace en d\u00e9couverte, passionn\u00e9ment.\",\"publisher\":{\"@id\":\"https:\\\/\\\/mauri-monasterium.com\\\/#organization\"},\"potentialAction\":[{\"@type\":\"SearchAction\",\"target\":{\"@type\":\"EntryPoint\",\"urlTemplate\":\"https:\\\/\\\/mauri-monasterium.com\\\/?s={search_term_string}\"},\"query-input\":{\"@type\":\"PropertyValueSpecification\",\"valueRequired\":true,\"valueName\":\"search_term_string\"}}],\"inLanguage\":\"fr-FR\"},{\"@type\":\"Organization\",\"@id\":\"https:\\\/\\\/mauri-monasterium.com\\\/#organization\",\"name\":\"Mauri Monasterium Alsace, avec Tim et Time\",\"url\":\"https:\\\/\\\/mauri-monasterium.com\\\/\",\"logo\":{\"@type\":\"ImageObject\",\"inLanguage\":\"fr-FR\",\"@id\":\"https:\\\/\\\/mauri-monasterium.com\\\/#\\\/schema\\\/logo\\\/image\\\/\",\"url\":\"https:\\\/\\\/i0.wp.com\\\/mauri-monasterium.com\\\/wp-content\\\/uploads\\\/2024\\\/07\\\/logo-Mauri-Monasterium-1.jpg?fit=250%2C150&ssl=1\",\"contentUrl\":\"https:\\\/\\\/i0.wp.com\\\/mauri-monasterium.com\\\/wp-content\\\/uploads\\\/2024\\\/07\\\/logo-Mauri-Monasterium-1.jpg?fit=250%2C150&ssl=1\",\"width\":250,\"height\":150,\"caption\":\"Mauri Monasterium Alsace, avec Tim et Time\"},\"image\":{\"@id\":\"https:\\\/\\\/mauri-monasterium.com\\\/#\\\/schema\\\/logo\\\/image\\\/\"},\"sameAs\":[\"https:\\\/\\\/www.facebook.com\\\/people\\\/Mauri-Monasterium-par-Tim-et-Time\\\/61563848182254\\\/\"]}]}<\/script>\n<!-- \/ Yoast SEO plugin. -->","yoast_head_json":{"title":"Valise cr\u00e9ative #1- Cartes Postales \u00e0 l'Aquarelle - Mauri Monasterium","robots":{"index":"index","follow":"follow","max-snippet":"max-snippet:-1","max-image-preview":"max-image-preview:large","max-video-preview":"max-video-preview:-1"},"canonical":"https:\/\/mauri-monasterium.com\/index.php\/produit\/valise-creative-1-cartes-postales-a-laquarelle\/","og_locale":"fr_FR","og_type":"article","og_title":"Valise cr\u00e9ative #1- Cartes Postales \u00e0 l'Aquarelle - Mauri Monasterium","og_description":"Contenu de la valise cr\u00e9ative n\u00b01 \u00e0 venir: -  - - - -","og_url":"https:\/\/mauri-monasterium.com\/index.php\/produit\/valise-creative-1-cartes-postales-a-laquarelle\/","og_site_name":"Mauri Monasterium","article_publisher":"https:\/\/www.facebook.com\/people\/Mauri-Monasterium-par-Tim-et-Time\/61563848182254\/","article_modified_time":"2026-02-18T15:22:20+00:00","og_image":[{"width":500,"height":500,"url":"https:\/\/mauri-monasterium.com\/wp-content\/uploads\/2025\/03\/valise-artistique.png","type":"image\/png"}],"twitter_card":"summary_large_image","schema":{"@context":"https:\/\/schema.org","@graph":[{"@type":"WebPage","@id":"https:\/\/mauri-monasterium.com\/index.php\/produit\/valise-creative-1-cartes-postales-a-laquarelle\/","url":"https:\/\/mauri-monasterium.com\/index.php\/produit\/valise-creative-1-cartes-postales-a-laquarelle\/","name":"Valise cr\u00e9ative #1- Cartes Postales \u00e0 l'Aquarelle - Mauri Monasterium","isPartOf":{"@id":"https:\/\/mauri-monasterium.com\/#website"},"primaryImageOfPage":{"@id":"https:\/\/mauri-monasterium.com\/index.php\/produit\/valise-creative-1-cartes-postales-a-laquarelle\/#primaryimage"},"image":{"@id":"https:\/\/mauri-monasterium.com\/index.php\/produit\/valise-creative-1-cartes-postales-a-laquarelle\/#primaryimage"},"thumbnailUrl":"https:\/\/i0.wp.com\/mauri-monasterium.com\/wp-content\/uploads\/2025\/03\/valise-artistique.png?fit=500%2C500&ssl=1","datePublished":"2025-03-06T14:32:01+00:00","dateModified":"2026-02-18T15:22:20+00:00","breadcrumb":{"@id":"https:\/\/mauri-monasterium.com\/index.php\/produit\/valise-creative-1-cartes-postales-a-laquarelle\/#breadcrumb"},"inLanguage":"fr-FR","potentialAction":[{"@type":"ReadAction","target":["https:\/\/mauri-monasterium.com\/index.php\/produit\/valise-creative-1-cartes-postales-a-laquarelle\/"]}]},{"@type":"ImageObject","inLanguage":"fr-FR","@id":"https:\/\/mauri-monasterium.com\/index.php\/produit\/valise-creative-1-cartes-postales-a-laquarelle\/#primaryimage","url":"https:\/\/i0.wp.com\/mauri-monasterium.com\/wp-content\/uploads\/2025\/03\/valise-artistique.png?fit=500%2C500&ssl=1","contentUrl":"https:\/\/i0.wp.com\/mauri-monasterium.com\/wp-content\/uploads\/2025\/03\/valise-artistique.png?fit=500%2C500&ssl=1","width":500,"height":500,"caption":"image de Tim et Time"},{"@type":"BreadcrumbList","@id":"https:\/\/mauri-monasterium.com\/index.php\/produit\/valise-creative-1-cartes-postales-a-laquarelle\/#breadcrumb","itemListElement":[{"@type":"ListItem","position":1,"name":"Accueil","item":"https:\/\/mauri-monasterium.com\/"},{"@type":"ListItem","position":2,"name":"BIENVENUE DANS LA BOUTIQUE","item":"https:\/\/mauri-monasterium.com\/index.php\/boutique\/"},{"@type":"ListItem","position":3,"name":"Valise cr\u00e9ative #1- Cartes Postales \u00e0 l&#8217;Aquarelle"}]},{"@type":"WebSite","@id":"https:\/\/mauri-monasterium.com\/#website","url":"https:\/\/mauri-monasterium.com\/","name":"Mauri Monasterium Alsace, avec Tim et Time","description":"L&#039;Alsace en d\u00e9couverte, passionn\u00e9ment.","publisher":{"@id":"https:\/\/mauri-monasterium.com\/#organization"},"potentialAction":[{"@type":"SearchAction","target":{"@type":"EntryPoint","urlTemplate":"https:\/\/mauri-monasterium.com\/?s={search_term_string}"},"query-input":{"@type":"PropertyValueSpecification","valueRequired":true,"valueName":"search_term_string"}}],"inLanguage":"fr-FR"},{"@type":"Organization","@id":"https:\/\/mauri-monasterium.com\/#organization","name":"Mauri Monasterium Alsace, avec Tim et Time","url":"https:\/\/mauri-monasterium.com\/","logo":{"@type":"ImageObject","inLanguage":"fr-FR","@id":"https:\/\/mauri-monasterium.com\/#\/schema\/logo\/image\/","url":"https:\/\/i0.wp.com\/mauri-monasterium.com\/wp-content\/uploads\/2024\/07\/logo-Mauri-Monasterium-1.jpg?fit=250%2C150&ssl=1","contentUrl":"https:\/\/i0.wp.com\/mauri-monasterium.com\/wp-content\/uploads\/2024\/07\/logo-Mauri-Monasterium-1.jpg?fit=250%2C150&ssl=1","width":250,"height":150,"caption":"Mauri Monasterium Alsace, avec Tim et Time"},"image":{"@id":"https:\/\/mauri-monasterium.com\/#\/schema\/logo\/image\/"},"sameAs":["https:\/\/www.facebook.com\/people\/Mauri-Monasterium-par-Tim-et-Time\/61563848182254\/"]}]}},"jetpack_sharing_enabled":true,"_links":{"self":[{"href":"https:\/\/mauri-monasterium.com\/index.php\/wp-json\/wp\/v2\/product\/1283","targetHints":{"allow":["GET"]}}],"collection":[{"href":"https:\/\/mauri-monasterium.com\/index.php\/wp-json\/wp\/v2\/product"}],"about":[{"href":"https:\/\/mauri-monasterium.com\/index.php\/wp-json\/wp\/v2\/types\/product"}],"wp:featuredmedia":[{"embeddable":true,"href":"https:\/\/mauri-monasterium.com\/index.php\/wp-json\/wp\/v2\/media\/1282"}],"wp:attachment":[{"href":"https:\/\/mauri-monasterium.com\/index.php\/wp-json\/wp\/v2\/media?parent=1283"}],"wp:term":[{"taxonomy":"product_brand","embeddable":true,"href":"https:\/\/mauri-monasterium.com\/index.php\/wp-json\/wp\/v2\/product_brand?post=1283"},{"taxonomy":"product_cat","embeddable":true,"href":"https:\/\/mauri-monasterium.com\/index.php\/wp-json\/wp\/v2\/product_cat?post=1283"},{"taxonomy":"product_tag","embeddable":true,"href":"https:\/\/mauri-monasterium.com\/index.php\/wp-json\/wp\/v2\/product_tag?post=1283"}],"curies":[{"name":"wp","href":"https:\/\/api.w.org\/{rel}","templated":true}]}}